{"id":7,"date":"2024-10-22T14:28:49","date_gmt":"2024-10-22T12:28:49","guid":{"rendered":"https:\/\/north.localhost\/panier\/"},"modified":"2025-05-28T13:21:38","modified_gmt":"2025-05-28T11:21:38","slug":"panier","status":"publish","type":"page","link":"https:\/\/north-buro.ch\/en\/panier\/","title":{"rendered":"Panier"},"content":{"rendered":"<div data-block-name=\"woocommerce\/cart\" class=\"wp-block-woocommerce-cart alignwide is-loading\">\n<div data-block-name=\"woocommerce\/filled-cart-block\" class=\"wp-block-woocommerce-filled-cart-block\">\n<div data-block-name=\"woocommerce\/cart-items-block\" class=\"wp-block-woocommerce-cart-items-block\">\n<div data-block-name=\"woocommerce\/cart-line-items-block\" class=\"wp-block-woocommerce-cart-line-items-block\"><\/div>\n\n\n\n<div data-block-name=\"woocommerce\/cart-cross-sells-block\" class=\"wp-block-woocommerce-cart-cross-sells-block\">\n<h2 class=\"wp-block-heading has-large-font-size\">\u00c7a peut vous int\u00e9resser&#8230;<\/h2>\n\n\n\n<div data-block-name=\"woocommerce\/cart-cross-sells-products-block\" class=\"wp-block-woocommerce-cart-cross-sells-products-block\"><\/div>\n<\/div>\n<\/div>\n\n\n\n<div data-block-name=\"woocommerce\/cart-totals-block\" class=\"wp-block-woocommerce-cart-totals-block\">\n<div data-block-name=\"woocommerce\/cart-order-summary-block\" class=\"wp-block-woocommerce-cart-order-summary-block\">\n<div data-block-name=\"woocommerce\/cart-order-summary-heading-block\" data-content=\"Total panier\" class=\"wp-block-woocommerce-cart-order-summary-heading-block\"><\/div>\n\n\n\n<div data-block-name=\"woocommerce\/cart-order-summary-coupon-form-block\" class=\"wp-block-woocommerce-cart-order-summary-coupon-form-block\"><\/div>\n\n\n\n<div data-block-name=\"woocommerce\/cart-order-summary-totals-block\" class=\"wp-block-woocommerce-cart-order-summary-totals-block\">\n<div data-block-name=\"woocommerce\/cart-order-summary-subtotal-block\" class=\"wp-block-woocommerce-cart-order-summary-subtotal-block\"><\/div>\n\n\n\n<div data-block-name=\"woocommerce\/cart-order-summary-fee-block\" class=\"wp-block-woocommerce-cart-order-summary-fee-block\"><\/div>\n\n\n\n<div data-block-name=\"woocommerce\/cart-order-summary-discount-block\" class=\"wp-block-woocommerce-cart-order-summary-discount-block\"><\/div>\n\n\n\n<div data-block-name=\"woocommerce\/cart-order-summary-shipping-block\" class=\"wp-block-woocommerce-cart-order-summary-shipping-block\"><\/div>\n\n\n\n<div data-block-name=\"woocommerce\/cart-order-summary-taxes-block\" class=\"wp-block-woocommerce-cart-order-summary-taxes-block\"><\/div>\n<\/div>\n<\/div>\n\n\n\n<div data-block-name=\"woocommerce\/cart-express-payment-block\" class=\"wp-block-woocommerce-cart-express-payment-block\"><\/div>\n\n\n\n<div data-block-name=\"woocommerce\/proceed-to-checkout-block\" class=\"wp-block-woocommerce-proceed-to-checkout-block\"><\/div>\n\n\n\n<div data-block-name=\"woocommerce\/cart-accepted-payment-methods-block\" class=\"wp-block-woocommerce-cart-accepted-payment-methods-block\"><\/div>\n<\/div>\n<\/div>\n\n\n\n<div data-block-name=\"woocommerce\/empty-cart-block\" class=\"wp-block-woocommerce-empty-cart-block\">\n<div class=\"lottie-logo-morph\"><\/div>\n\n\n\n<h2 class=\"wp-block-heading has-text-align-center with-empty-cart-icon wc-block-cart__empty-cart__title\">Votre panier est actuellement vide&nbsp;!<\/h2>\n<\/div>\n<\/div>\n\n\n\n<p><\/p>","protected":false},"excerpt":{"rendered":"","protected":false},"author":1,"featured_media":0,"parent":0,"menu_order":0,"comment_status":"closed","ping_status":"closed","template":"","meta":{"footnotes":""},"class_list":["post-7","page","type-page","status-publish","hentry"],"yoast_head":"<!-- This site is optimized with the Yoast SEO plugin v27.2 - https:\/\/yoast.com\/product\/yoast-seo-wordpress\/ -->\n<title>Panier - North Buro<\/title>\n<meta name=\"robots\" content=\"index, follow, max-snippet:-1, max-image-preview:large, max-video-preview:-1\" \/>\n<link rel=\"canonical\" href=\"https:\/\/north-buro.ch\/en\/panier\/\" \/>\n<meta property=\"og:locale\" content=\"en_US\" \/>\n<meta property=\"og:type\" content=\"article\" \/>\n<meta property=\"og:title\" content=\"Panier - North Buro\" \/>\n<meta property=\"og:url\" content=\"https:\/\/north-buro.ch\/en\/panier\/\" \/>\n<meta property=\"og:site_name\" content=\"North Buro\" \/>\n<meta property=\"article:modified_time\" content=\"2025-05-28T11:21:38+00:00\" \/>\n<meta property=\"og:image\" content=\"https:\/\/north-buro.ch\/wp-content\/uploads\/2025\/05\/yoast-screenshot.png\" \/>\n\t<meta property=\"og:image:width\" content=\"1200\" \/>\n\t<meta property=\"og:image:height\" content=\"900\" \/>\n\t<meta property=\"og:image:type\" content=\"image\/png\" \/>\n<meta name=\"twitter:card\" content=\"summary_large_image\" \/>\n<script type=\"application\/ld+json\" class=\"yoast-schema-graph\">{\"@context\":\"https:\/\/schema.org\",\"@graph\":[{\"@type\":\"WebPage\",\"@id\":\"https:\/\/north-buro.ch\/panier\/\",\"url\":\"https:\/\/north-buro.ch\/panier\/\",\"name\":\"Panier - North Buro\",\"isPartOf\":{\"@id\":\"https:\/\/north-buro.ch\/#website\"},\"datePublished\":\"2024-10-22T12:28:49+00:00\",\"dateModified\":\"2025-05-28T11:21:38+00:00\",\"breadcrumb\":{\"@id\":\"https:\/\/north-buro.ch\/panier\/#breadcrumb\"},\"inLanguage\":\"en-US\",\"potentialAction\":[{\"@type\":\"ReadAction\",\"target\":[\"https:\/\/north-buro.ch\/panier\/\"]}]},{\"@type\":\"BreadcrumbList\",\"@id\":\"https:\/\/north-buro.ch\/panier\/#breadcrumb\",\"itemListElement\":[{\"@type\":\"ListItem\",\"position\":1,\"name\":\"Accueil\",\"item\":\"https:\/\/north-buro.ch\/\"},{\"@type\":\"ListItem\",\"position\":2,\"name\":\"Panier\"}]},{\"@type\":\"WebSite\",\"@id\":\"https:\/\/north-buro.ch\/#website\",\"url\":\"https:\/\/north-buro.ch\/\",\"name\":\"North Buro\",\"description\":\"Ind\u00e9pendants, Cr\u00e9atifs &amp; \u00c9picuriens\",\"publisher\":{\"@id\":\"https:\/\/north-buro.ch\/#organization\"},\"alternateName\":\"North\",\"potentialAction\":[{\"@type\":\"SearchAction\",\"target\":{\"@type\":\"EntryPoint\",\"urlTemplate\":\"https:\/\/north-buro.ch\/?s={search_term_string}\"},\"query-input\":{\"@type\":\"PropertyValueSpecification\",\"valueRequired\":true,\"valueName\":\"search_term_string\"}}],\"inLanguage\":\"en-US\"},{\"@type\":\"Organization\",\"@id\":\"https:\/\/north-buro.ch\/#organization\",\"name\":\"North Buro\",\"alternateName\":\"North\",\"url\":\"https:\/\/north-buro.ch\/\",\"logo\":{\"@type\":\"ImageObject\",\"inLanguage\":\"en-US\",\"@id\":\"https:\/\/north-buro.ch\/#\/schema\/logo\/image\/\",\"url\":\"https:\/\/north-buro.ch\/wp-content\/uploads\/2025\/05\/web-app-manifest-512x512-1.png\",\"contentUrl\":\"https:\/\/north-buro.ch\/wp-content\/uploads\/2025\/05\/web-app-manifest-512x512-1.png\",\"width\":512,\"height\":512,\"caption\":\"North Buro\"},\"image\":{\"@id\":\"https:\/\/north-buro.ch\/#\/schema\/logo\/image\/\"},\"sameAs\":[\"http:\/\/instagram.com\/north_communication\",\"https:\/\/www.linkedin.com\/company\/north-communication\/posts\/?feedView=all\"]}]}<\/script>\n<!-- \/ Yoast SEO plugin. -->","yoast_head_json":{"title":"Panier - North Buro","robots":{"index":"index","follow":"follow","max-snippet":"max-snippet:-1","max-image-preview":"max-image-preview:large","max-video-preview":"max-video-preview:-1"},"canonical":"https:\/\/north-buro.ch\/en\/panier\/","og_locale":"en_US","og_type":"article","og_title":"Panier - North Buro","og_url":"https:\/\/north-buro.ch\/en\/panier\/","og_site_name":"North Buro","article_modified_time":"2025-05-28T11:21:38+00:00","og_image":[{"width":1200,"height":900,"url":"https:\/\/north-buro.ch\/wp-content\/uploads\/2025\/05\/yoast-screenshot.png","type":"image\/png"}],"twitter_card":"summary_large_image","schema":{"@context":"https:\/\/schema.org","@graph":[{"@type":"WebPage","@id":"https:\/\/north-buro.ch\/panier\/","url":"https:\/\/north-buro.ch\/panier\/","name":"Panier - North Buro","isPartOf":{"@id":"https:\/\/north-buro.ch\/#website"},"datePublished":"2024-10-22T12:28:49+00:00","dateModified":"2025-05-28T11:21:38+00:00","breadcrumb":{"@id":"https:\/\/north-buro.ch\/panier\/#breadcrumb"},"inLanguage":"en-US","potentialAction":[{"@type":"ReadAction","target":["https:\/\/north-buro.ch\/panier\/"]}]},{"@type":"BreadcrumbList","@id":"https:\/\/north-buro.ch\/panier\/#breadcrumb","itemListElement":[{"@type":"ListItem","position":1,"name":"Accueil","item":"https:\/\/north-buro.ch\/"},{"@type":"ListItem","position":2,"name":"Panier"}]},{"@type":"WebSite","@id":"https:\/\/north-buro.ch\/#website","url":"https:\/\/north-buro.ch\/","name":"North Buro","description":"Ind\u00e9pendants, Cr\u00e9atifs &amp; \u00c9picuriens","publisher":{"@id":"https:\/\/north-buro.ch\/#organization"},"alternateName":"North","potentialAction":[{"@type":"SearchAction","target":{"@type":"EntryPoint","urlTemplate":"https:\/\/north-buro.ch\/?s={search_term_string}"},"query-input":{"@type":"PropertyValueSpecification","valueRequired":true,"valueName":"search_term_string"}}],"inLanguage":"en-US"},{"@type":"Organization","@id":"https:\/\/north-buro.ch\/#organization","name":"North Buro","alternateName":"North","url":"https:\/\/north-buro.ch\/","logo":{"@type":"ImageObject","inLanguage":"en-US","@id":"https:\/\/north-buro.ch\/#\/schema\/logo\/image\/","url":"https:\/\/north-buro.ch\/wp-content\/uploads\/2025\/05\/web-app-manifest-512x512-1.png","contentUrl":"https:\/\/north-buro.ch\/wp-content\/uploads\/2025\/05\/web-app-manifest-512x512-1.png","width":512,"height":512,"caption":"North Buro"},"image":{"@id":"https:\/\/north-buro.ch\/#\/schema\/logo\/image\/"},"sameAs":["http:\/\/instagram.com\/north_communication","https:\/\/www.linkedin.com\/company\/north-communication\/posts\/?feedView=all"]}]}},"_links":{"self":[{"href":"https:\/\/north-buro.ch\/en\/wp-json\/wp\/v2\/pages\/7","targetHints":{"allow":["GET"]}}],"collection":[{"href":"https:\/\/north-buro.ch\/en\/wp-json\/wp\/v2\/pages"}],"about":[{"href":"https:\/\/north-buro.ch\/en\/wp-json\/wp\/v2\/types\/page"}],"author":[{"embeddable":true,"href":"https:\/\/north-buro.ch\/en\/wp-json\/wp\/v2\/users\/1"}],"replies":[{"embeddable":true,"href":"https:\/\/north-buro.ch\/en\/wp-json\/wp\/v2\/comments?post=7"}],"version-history":[{"count":7,"href":"https:\/\/north-buro.ch\/en\/wp-json\/wp\/v2\/pages\/7\/revisions"}],"predecessor-version":[{"id":93,"href":"https:\/\/north-buro.ch\/en\/wp-json\/wp\/v2\/pages\/7\/revisions\/93"}],"wp:attachment":[{"href":"https:\/\/north-buro.ch\/en\/wp-json\/wp\/v2\/media?parent=7"}],"curies":[{"name":"wp","href":"https:\/\/api.w.org\/{rel}","templated":true}]}}