{"id":19,"date":"2024-10-22T21:47:12","date_gmt":"2024-10-22T19:47:12","guid":{"rendered":"https:\/\/north.localhost\/?page_id=19"},"modified":"2025-05-12T06:53:24","modified_gmt":"2025-05-12T04:53:24","slug":"index","status":"publish","type":"page","link":"https:\/\/north-buro.ch\/en\/","title":{"rendered":"Index"},"content":{"rendered":"","protected":false},"excerpt":{"rendered":"","protected":false},"author":1,"featured_media":204,"parent":0,"menu_order":0,"comment_status":"closed","ping_status":"closed","template":"","meta":{"footnotes":""},"class_list":["post-19","page","type-page","status-publish","has-post-thumbnail","hentry"],"yoast_head":"<!-- This site is optimized with the Yoast SEO plugin v27.2 - https:\/\/yoast.com\/product\/yoast-seo-wordpress\/ -->\n<title>Index - North Buro<\/title>\n<meta name=\"description\" content=\"North Buro est une agence cr\u00e9ative ind\u00e9pendante, bas\u00e9e en Suisse, sp\u00e9cialis\u00e9e dans tous les domaines de la communication (strat\u00e9gie de communication - relations publiques - \u00e9v\u00e9nementiel - direction artistique).\" \/>\n<meta name=\"robots\" content=\"index, follow, max-snippet:-1, max-image-preview:large, max-video-preview:-1\" \/>\n<link rel=\"canonical\" href=\"https:\/\/north-buro.ch\/en\/\" \/>\n<meta property=\"og:locale\" content=\"en_US\" \/>\n<meta property=\"og:type\" content=\"article\" \/>\n<meta property=\"og:title\" content=\"Index - North Buro\" \/>\n<meta property=\"og:description\" content=\"North Buro est une agence cr\u00e9ative ind\u00e9pendante, bas\u00e9e en Suisse, sp\u00e9cialis\u00e9e dans tous les domaines de la communication (strat\u00e9gie de communication - relations publiques - \u00e9v\u00e9nementiel - direction artistique).\" \/>\n<meta property=\"og:url\" content=\"https:\/\/north-buro.ch\/en\/\" \/>\n<meta property=\"og:site_name\" content=\"North Buro\" \/>\n<meta property=\"article:modified_time\" content=\"2025-05-12T04:53:24+00:00\" \/>\n<meta property=\"og:image\" content=\"https:\/\/north-buro.ch\/wp-content\/uploads\/2025\/05\/yoast-screenshot.png\" \/>\n\t<meta property=\"og:image:width\" content=\"1200\" \/>\n\t<meta property=\"og:image:height\" content=\"900\" \/>\n\t<meta property=\"og:image:type\" content=\"image\/png\" \/>\n<meta name=\"twitter:card\" content=\"summary_large_image\" \/>\n<meta name=\"twitter:label1\" content=\"Est. reading time\" \/>\n\t<meta name=\"twitter:data1\" content=\"1 minute\" \/>\n<script type=\"application\/ld+json\" class=\"yoast-schema-graph\">{\"@context\":\"https:\/\/schema.org\",\"@graph\":[{\"@type\":\"WebPage\",\"@id\":\"https:\/\/north-buro.ch\/\",\"url\":\"https:\/\/north-buro.ch\/\",\"name\":\"Index - North Buro\",\"isPartOf\":{\"@id\":\"https:\/\/north-buro.ch\/#website\"},\"primaryImageOfPage\":{\"@id\":\"https:\/\/north-buro.ch\/#primaryimage\"},\"image\":{\"@id\":\"https:\/\/north-buro.ch\/#primaryimage\"},\"thumbnailUrl\":\"https:\/\/north-buro.ch\/wp-content\/uploads\/2025\/05\/yoast-screenshot.png\",\"datePublished\":\"2024-10-22T19:47:12+00:00\",\"dateModified\":\"2025-05-12T04:53:24+00:00\",\"description\":\"North Buro est une agence cr\u00e9ative ind\u00e9pendante, bas\u00e9e en Suisse, sp\u00e9cialis\u00e9e dans tous les domaines de la communication (strat\u00e9gie de communication - relations publiques - \u00e9v\u00e9nementiel - direction artistique).\",\"breadcrumb\":{\"@id\":\"https:\/\/north-buro.ch\/#breadcrumb\"},\"inLanguage\":\"en-US\",\"potentialAction\":[{\"@type\":\"ReadAction\",\"target\":[\"https:\/\/north-buro.ch\/\"]}]},{\"@type\":\"ImageObject\",\"inLanguage\":\"en-US\",\"@id\":\"https:\/\/north-buro.ch\/#primaryimage\",\"url\":\"https:\/\/north-buro.ch\/wp-content\/uploads\/2025\/05\/yoast-screenshot.png\",\"contentUrl\":\"https:\/\/north-buro.ch\/wp-content\/uploads\/2025\/05\/yoast-screenshot.png\",\"width\":1200,\"height\":900},{\"@type\":\"BreadcrumbList\",\"@id\":\"https:\/\/north-buro.ch\/#breadcrumb\",\"itemListElement\":[{\"@type\":\"ListItem\",\"position\":1,\"name\":\"Accueil\",\"item\":\"https:\/\/north-buro.ch\/\"},{\"@type\":\"ListItem\",\"position\":2,\"name\":\"Index\"}]},{\"@type\":\"WebSite\",\"@id\":\"https:\/\/north-buro.ch\/#website\",\"url\":\"https:\/\/north-buro.ch\/\",\"name\":\"North Buro\",\"description\":\"Ind\u00e9pendants, Cr\u00e9atifs &amp; \u00c9picuriens\",\"publisher\":{\"@id\":\"https:\/\/north-buro.ch\/#organization\"},\"alternateName\":\"North\",\"potentialAction\":[{\"@type\":\"SearchAction\",\"target\":{\"@type\":\"EntryPoint\",\"urlTemplate\":\"https:\/\/north-buro.ch\/?s={search_term_string}\"},\"query-input\":{\"@type\":\"PropertyValueSpecification\",\"valueRequired\":true,\"valueName\":\"search_term_string\"}}],\"inLanguage\":\"en-US\"},{\"@type\":\"Organization\",\"@id\":\"https:\/\/north-buro.ch\/#organization\",\"name\":\"North Buro\",\"alternateName\":\"North\",\"url\":\"https:\/\/north-buro.ch\/\",\"logo\":{\"@type\":\"ImageObject\",\"inLanguage\":\"en-US\",\"@id\":\"https:\/\/north-buro.ch\/#\/schema\/logo\/image\/\",\"url\":\"https:\/\/north-buro.ch\/wp-content\/uploads\/2025\/05\/web-app-manifest-512x512-1.png\",\"contentUrl\":\"https:\/\/north-buro.ch\/wp-content\/uploads\/2025\/05\/web-app-manifest-512x512-1.png\",\"width\":512,\"height\":512,\"caption\":\"North Buro\"},\"image\":{\"@id\":\"https:\/\/north-buro.ch\/#\/schema\/logo\/image\/\"},\"sameAs\":[\"http:\/\/instagram.com\/north_communication\",\"https:\/\/www.linkedin.com\/company\/north-communication\/posts\/?feedView=all\"]}]}<\/script>\n<!-- \/ Yoast SEO plugin. -->","yoast_head_json":{"title":"Index - North Buro","description":"North Buro est une agence cr\u00e9ative ind\u00e9pendante, bas\u00e9e en Suisse, sp\u00e9cialis\u00e9e dans tous les domaines de la communication (strat\u00e9gie de communication - relations publiques - \u00e9v\u00e9nementiel - direction artistique).","robots":{"index":"index","follow":"follow","max-snippet":"max-snippet:-1","max-image-preview":"max-image-preview:large","max-video-preview":"max-video-preview:-1"},"canonical":"https:\/\/north-buro.ch\/en\/","og_locale":"en_US","og_type":"article","og_title":"Index - North Buro","og_description":"North Buro est une agence cr\u00e9ative ind\u00e9pendante, bas\u00e9e en Suisse, sp\u00e9cialis\u00e9e dans tous les domaines de la communication (strat\u00e9gie de communication - relations publiques - \u00e9v\u00e9nementiel - direction artistique).","og_url":"https:\/\/north-buro.ch\/en\/","og_site_name":"North Buro","article_modified_time":"2025-05-12T04:53:24+00:00","og_image":[{"width":1200,"height":900,"url":"https:\/\/north-buro.ch\/wp-content\/uploads\/2025\/05\/yoast-screenshot.png","type":"image\/png"}],"twitter_card":"summary_large_image","twitter_misc":{"Est. reading time":"1 minute"},"schema":{"@context":"https:\/\/schema.org","@graph":[{"@type":"WebPage","@id":"https:\/\/north-buro.ch\/","url":"https:\/\/north-buro.ch\/","name":"Index - North Buro","isPartOf":{"@id":"https:\/\/north-buro.ch\/#website"},"primaryImageOfPage":{"@id":"https:\/\/north-buro.ch\/#primaryimage"},"image":{"@id":"https:\/\/north-buro.ch\/#primaryimage"},"thumbnailUrl":"https:\/\/north-buro.ch\/wp-content\/uploads\/2025\/05\/yoast-screenshot.png","datePublished":"2024-10-22T19:47:12+00:00","dateModified":"2025-05-12T04:53:24+00:00","description":"North Buro est une agence cr\u00e9ative ind\u00e9pendante, bas\u00e9e en Suisse, sp\u00e9cialis\u00e9e dans tous les domaines de la communication (strat\u00e9gie de communication - relations publiques - \u00e9v\u00e9nementiel - direction artistique).","breadcrumb":{"@id":"https:\/\/north-buro.ch\/#breadcrumb"},"inLanguage":"en-US","potentialAction":[{"@type":"ReadAction","target":["https:\/\/north-buro.ch\/"]}]},{"@type":"ImageObject","inLanguage":"en-US","@id":"https:\/\/north-buro.ch\/#primaryimage","url":"https:\/\/north-buro.ch\/wp-content\/uploads\/2025\/05\/yoast-screenshot.png","contentUrl":"https:\/\/north-buro.ch\/wp-content\/uploads\/2025\/05\/yoast-screenshot.png","width":1200,"height":900},{"@type":"BreadcrumbList","@id":"https:\/\/north-buro.ch\/#breadcrumb","itemListElement":[{"@type":"ListItem","position":1,"name":"Accueil","item":"https:\/\/north-buro.ch\/"},{"@type":"ListItem","position":2,"name":"Index"}]},{"@type":"WebSite","@id":"https:\/\/north-buro.ch\/#website","url":"https:\/\/north-buro.ch\/","name":"North Buro","description":"Ind\u00e9pendants, Cr\u00e9atifs &amp; \u00c9picuriens","publisher":{"@id":"https:\/\/north-buro.ch\/#organization"},"alternateName":"North","potentialAction":[{"@type":"SearchAction","target":{"@type":"EntryPoint","urlTemplate":"https:\/\/north-buro.ch\/?s={search_term_string}"},"query-input":{"@type":"PropertyValueSpecification","valueRequired":true,"valueName":"search_term_string"}}],"inLanguage":"en-US"},{"@type":"Organization","@id":"https:\/\/north-buro.ch\/#organization","name":"North Buro","alternateName":"North","url":"https:\/\/north-buro.ch\/","logo":{"@type":"ImageObject","inLanguage":"en-US","@id":"https:\/\/north-buro.ch\/#\/schema\/logo\/image\/","url":"https:\/\/north-buro.ch\/wp-content\/uploads\/2025\/05\/web-app-manifest-512x512-1.png","contentUrl":"https:\/\/north-buro.ch\/wp-content\/uploads\/2025\/05\/web-app-manifest-512x512-1.png","width":512,"height":512,"caption":"North Buro"},"image":{"@id":"https:\/\/north-buro.ch\/#\/schema\/logo\/image\/"},"sameAs":["http:\/\/instagram.com\/north_communication","https:\/\/www.linkedin.com\/company\/north-communication\/posts\/?feedView=all"]}]}},"_links":{"self":[{"href":"https:\/\/north-buro.ch\/en\/wp-json\/wp\/v2\/pages\/19","targetHints":{"allow":["GET"]}}],"collection":[{"href":"https:\/\/north-buro.ch\/en\/wp-json\/wp\/v2\/pages"}],"about":[{"href":"https:\/\/north-buro.ch\/en\/wp-json\/wp\/v2\/types\/page"}],"author":[{"embeddable":true,"href":"https:\/\/north-buro.ch\/en\/wp-json\/wp\/v2\/users\/1"}],"replies":[{"embeddable":true,"href":"https:\/\/north-buro.ch\/en\/wp-json\/wp\/v2\/comments?post=19"}],"version-history":[{"count":1,"href":"https:\/\/north-buro.ch\/en\/wp-json\/wp\/v2\/pages\/19\/revisions"}],"predecessor-version":[{"id":20,"href":"https:\/\/north-buro.ch\/en\/wp-json\/wp\/v2\/pages\/19\/revisions\/20"}],"wp:featuredmedia":[{"embeddable":true,"href":"https:\/\/north-buro.ch\/en\/wp-json\/wp\/v2\/media\/204"}],"wp:attachment":[{"href":"https:\/\/north-buro.ch\/en\/wp-json\/wp\/v2\/media?parent=19"}],"curies":[{"name":"wp","href":"https:\/\/api.w.org\/{rel}","templated":true}]}}